{"id":10,"date":"2018-01-03T11:37:33","date_gmt":"2018-01-03T10:37:33","guid":{"rendered":"http:\/\/dedi20.aname.net\/~studio-k\/wordpress\/?page_id=10"},"modified":"2024-10-06T22:35:07","modified_gmt":"2024-10-06T20:35:07","slug":"boka","status":"publish","type":"page","link":"https:\/\/studio-kreativ.se\/wordpress\/boka\/","title":{"rendered":"Boka"},"content":{"rendered":"<p style=\"text-align: center;\">V\u00e4lkomna att ringa oss om ni \u00e4r os\u00e4kra eller beh\u00f6ver r\u00e5dgivning om vilken behandling ni ska v\u00e4lja. V\u00e4lj hellre en behandling med l\u00e4ngre tid om ni \u00e4r os\u00e4kra, s\u00e5 vi s\u00e4kert hinner med det du \u00f6nskar!<\/p>\n<p style=\"text-align: center;\">Avbokning sker endast \u00f6ver telefon, och senast 24h innan. Vi debiterar 50% p\u00e5 priset av den bokade behandlingen om kunden inte dyker upp.<\/p>\n\n\n<script>\n(function(c,l,i,e,n,t,o){if(c.cbk){return;}c.cbk=function(){\nc.cbk.p.push(arguments);};c.cbk.p=[];e=l.createElement(\"script\");e.async=1;\ne.src=i;l.head.appendChild(e);n=l.createElement(\"div\");n.id=\"cliento-booking\";\nt=l.getElementsByTagName(\"script\");o=t[t.length-1];o.parentNode.insertBefore(n,o);\n})(window,document,\"https:\/\/cliento.com\/widget-v3\/cliento.js\");\ncbk(\"id\", \"6ZeUbtnL3ZRuT5dMxYYzm6\");\n<\/script>\n","protected":false},"excerpt":{"rendered":"<p>V\u00e4lkomna att ringa oss om ni \u00e4r os\u00e4kra eller beh\u00f6ver r\u00e5dgivning om vilken behandling ni ska v\u00e4lja. V\u00e4lj hellre en behandling med l\u00e4ngre tid om ni \u00e4r os\u00e4kra, s\u00e5 vi s\u00e4kert hinner med det du \u00f6nskar! Avbokning sker endast \u00f6ver [&hellip;]<\/p>\n","protected":false},"author":1,"featured_media":36,"parent":0,"menu_order":0,"comment_status":"closed","ping_status":"closed","template":"my-templates\/book.php","meta":[],"yoast_head":"<!-- This site is optimized with the Yoast SEO plugin v19.5.1 - https:\/\/yoast.com\/wordpress\/plugins\/seo\/ -->\n<title>Boka fris\u00f6r - Studio Kreativ<\/title>\n<meta name=\"description\" content=\"Boka enkelt din fris\u00f6r i J\u00f6nk\u00f6ping direkt p\u00e5 webben.\" \/>\n<meta name=\"robots\" content=\"index, follow, max-snippet:-1, max-image-preview:large, max-video-preview:-1\" \/>\n<link rel=\"canonical\" href=\"https:\/\/studio-kreativ.se\/wordpress\/boka\/\" \/>\n<meta property=\"og:locale\" content=\"sv_SE\" \/>\n<meta property=\"og:type\" content=\"article\" \/>\n<meta property=\"og:title\" content=\"Boka fris\u00f6r - Studio Kreativ\" \/>\n<meta property=\"og:description\" content=\"Boka enkelt din fris\u00f6r i J\u00f6nk\u00f6ping direkt p\u00e5 webben.\" \/>\n<meta property=\"og:url\" content=\"https:\/\/studio-kreativ.se\/wordpress\/boka\/\" \/>\n<meta property=\"og:site_name\" content=\"Studio Kreativ\" \/>\n<meta property=\"article:modified_time\" content=\"2024-10-06T20:35:07+00:00\" \/>\n<meta property=\"og:image\" content=\"https:\/\/studio-kreativ.se\/wordpress\/wp-content\/uploads\/2018\/01\/kreativ_2-1.jpg\" \/>\n\t<meta property=\"og:image:width\" content=\"2000\" \/>\n\t<meta property=\"og:image:height\" content=\"224\" \/>\n\t<meta property=\"og:image:type\" content=\"image\/jpeg\" \/>\n<meta name=\"twitter:card\" content=\"summary_large_image\" \/>\n<meta name=\"twitter:label1\" content=\"Ber\u00e4knad l\u00e4stid\" \/>\n\t<meta name=\"twitter:data1\" content=\"1 minut\" \/>\n<script type=\"application\/ld+json\" class=\"yoast-schema-graph\">{\"@context\":\"https:\/\/schema.org\",\"@graph\":[{\"@type\":\"WebPage\",\"@id\":\"https:\/\/studio-kreativ.se\/wordpress\/boka\/\",\"url\":\"https:\/\/studio-kreativ.se\/wordpress\/boka\/\",\"name\":\"Boka fris\u00f6r - Studio Kreativ\",\"isPartOf\":{\"@id\":\"https:\/\/studio-kreativ.se\/wordpress\/#website\"},\"datePublished\":\"2018-01-03T10:37:33+00:00\",\"dateModified\":\"2024-10-06T20:35:07+00:00\",\"description\":\"Boka enkelt din fris\u00f6r i J\u00f6nk\u00f6ping direkt p\u00e5 webben.\",\"breadcrumb\":{\"@id\":\"https:\/\/studio-kreativ.se\/wordpress\/boka\/#breadcrumb\"},\"inLanguage\":\"sv-SE\",\"potentialAction\":[{\"@type\":\"ReadAction\",\"target\":[\"https:\/\/studio-kreativ.se\/wordpress\/boka\/\"]}]},{\"@type\":\"BreadcrumbList\",\"@id\":\"https:\/\/studio-kreativ.se\/wordpress\/boka\/#breadcrumb\",\"itemListElement\":[{\"@type\":\"ListItem\",\"position\":1,\"name\":\"Hem\",\"item\":\"https:\/\/studio-kreativ.se\/wordpress\/\"},{\"@type\":\"ListItem\",\"position\":2,\"name\":\"Boka\"}]},{\"@type\":\"WebSite\",\"@id\":\"https:\/\/studio-kreativ.se\/wordpress\/#website\",\"url\":\"https:\/\/studio-kreativ.se\/wordpress\/\",\"name\":\"Studio Kreativ\",\"description\":\"Fris\u00f6r i J\u00f6nk\u00f6ping\",\"potentialAction\":[{\"@type\":\"SearchAction\",\"target\":{\"@type\":\"EntryPoint\",\"urlTemplate\":\"https:\/\/studio-kreativ.se\/wordpress\/?s={search_term_string}\"},\"query-input\":\"required name=search_term_string\"}],\"inLanguage\":\"sv-SE\"}]}<\/script>\n<!-- \/ Yoast SEO plugin. -->","yoast_head_json":{"title":"Boka fris\u00f6r - Studio Kreativ","description":"Boka enkelt din fris\u00f6r i J\u00f6nk\u00f6ping direkt p\u00e5 webben.","robots":{"index":"index","follow":"follow","max-snippet":"max-snippet:-1","max-image-preview":"max-image-preview:large","max-video-preview":"max-video-preview:-1"},"canonical":"https:\/\/studio-kreativ.se\/wordpress\/boka\/","og_locale":"sv_SE","og_type":"article","og_title":"Boka fris\u00f6r - Studio Kreativ","og_description":"Boka enkelt din fris\u00f6r i J\u00f6nk\u00f6ping direkt p\u00e5 webben.","og_url":"https:\/\/studio-kreativ.se\/wordpress\/boka\/","og_site_name":"Studio Kreativ","article_modified_time":"2024-10-06T20:35:07+00:00","og_image":[{"width":2000,"height":224,"url":"https:\/\/studio-kreativ.se\/wordpress\/wp-content\/uploads\/2018\/01\/kreativ_2-1.jpg","type":"image\/jpeg"}],"twitter_card":"summary_large_image","twitter_misc":{"Ber\u00e4knad l\u00e4stid":"1 minut"},"schema":{"@context":"https:\/\/schema.org","@graph":[{"@type":"WebPage","@id":"https:\/\/studio-kreativ.se\/wordpress\/boka\/","url":"https:\/\/studio-kreativ.se\/wordpress\/boka\/","name":"Boka fris\u00f6r - Studio Kreativ","isPartOf":{"@id":"https:\/\/studio-kreativ.se\/wordpress\/#website"},"datePublished":"2018-01-03T10:37:33+00:00","dateModified":"2024-10-06T20:35:07+00:00","description":"Boka enkelt din fris\u00f6r i J\u00f6nk\u00f6ping direkt p\u00e5 webben.","breadcrumb":{"@id":"https:\/\/studio-kreativ.se\/wordpress\/boka\/#breadcrumb"},"inLanguage":"sv-SE","potentialAction":[{"@type":"ReadAction","target":["https:\/\/studio-kreativ.se\/wordpress\/boka\/"]}]},{"@type":"BreadcrumbList","@id":"https:\/\/studio-kreativ.se\/wordpress\/boka\/#breadcrumb","itemListElement":[{"@type":"ListItem","position":1,"name":"Hem","item":"https:\/\/studio-kreativ.se\/wordpress\/"},{"@type":"ListItem","position":2,"name":"Boka"}]},{"@type":"WebSite","@id":"https:\/\/studio-kreativ.se\/wordpress\/#website","url":"https:\/\/studio-kreativ.se\/wordpress\/","name":"Studio Kreativ","description":"Fris\u00f6r i J\u00f6nk\u00f6ping","potentialAction":[{"@type":"SearchAction","target":{"@type":"EntryPoint","urlTemplate":"https:\/\/studio-kreativ.se\/wordpress\/?s={search_term_string}"},"query-input":"required name=search_term_string"}],"inLanguage":"sv-SE"}]}},"_links":{"self":[{"href":"https:\/\/studio-kreativ.se\/wordpress\/wp-json\/wp\/v2\/pages\/10"}],"collection":[{"href":"https:\/\/studio-kreativ.se\/wordpress\/wp-json\/wp\/v2\/pages"}],"about":[{"href":"https:\/\/studio-kreativ.se\/wordpress\/wp-json\/wp\/v2\/types\/page"}],"author":[{"embeddable":true,"href":"https:\/\/studio-kreativ.se\/wordpress\/wp-json\/wp\/v2\/users\/1"}],"replies":[{"embeddable":true,"href":"https:\/\/studio-kreativ.se\/wordpress\/wp-json\/wp\/v2\/comments?post=10"}],"version-history":[{"count":14,"href":"https:\/\/studio-kreativ.se\/wordpress\/wp-json\/wp\/v2\/pages\/10\/revisions"}],"predecessor-version":[{"id":163,"href":"https:\/\/studio-kreativ.se\/wordpress\/wp-json\/wp\/v2\/pages\/10\/revisions\/163"}],"wp:featuredmedia":[{"embeddable":true,"href":"https:\/\/studio-kreativ.se\/wordpress\/wp-json\/wp\/v2\/media\/36"}],"wp:attachment":[{"href":"https:\/\/studio-kreativ.se\/wordpress\/wp-json\/wp\/v2\/media?parent=10"}],"curies":[{"name":"wp","href":"https:\/\/api.w.org\/{rel}","templated":true}]}}