{"id":12,"date":"2018-01-03T11:37:38","date_gmt":"2018-01-03T10:37:38","guid":{"rendered":"http:\/\/dedi20.aname.net\/~studio-k\/wordpress\/?page_id=12"},"modified":"2026-02-23T22:41:31","modified_gmt":"2026-02-23T21:41:31","slug":"prislista","status":"publish","type":"page","link":"https:\/\/studio-kreativ.se\/wordpress\/prislista\/","title":{"rendered":"Prislista"},"content":{"rendered":"<h1>Prislista<\/h1>\n<p>V\u00e4lkomna att ringa oss om ni \u00e4r os\u00e4kra eller beh\u00f6ver r\u00e5dgivning om vilken behandling ni ska v\u00e4lja. V\u00e4lj hellre en behandling med l\u00e4ngre tid om ni \u00e4r os\u00e4kra, s\u00e5 vi s\u00e4kert hinner med det du \u00f6nskar!<\/p>\n<p>Avbokning sker endast \u00f6ver telefon, och senast 24h innan. Vi debiterar 50% p\u00e5 priset av den bokade behandlingen om kunden inte dyker upp.<\/p>\n","protected":false},"excerpt":{"rendered":"<p>Prislista V\u00e4lkomna att ringa oss om ni \u00e4r os\u00e4kra eller beh\u00f6ver r\u00e5dgivning om vilken behandling ni ska v\u00e4lja. V\u00e4lj hellre en behandling med l\u00e4ngre tid om ni \u00e4r os\u00e4kra, s\u00e5 vi s\u00e4kert hinner med det du \u00f6nskar! Avbokning sker endast [&hellip;]<\/p>\n","protected":false},"author":1,"featured_media":36,"parent":0,"menu_order":0,"comment_status":"closed","ping_status":"closed","template":"my-templates\/price.php","meta":[],"yoast_head":"<!-- This site is optimized with the Yoast SEO plugin v19.5.1 - https:\/\/yoast.com\/wordpress\/plugins\/seo\/ -->\n<title>Prislista - Studio Kreativ<\/title>\n<meta name=\"description\" content=\"V\u00e4lkomna att ring oss om ni \u00e4r os\u00e4kra eller beh\u00f6ver r\u00e5dgivning om vilken behandling ni ska v\u00e4lja!\" \/>\n<meta name=\"robots\" content=\"index, follow, max-snippet:-1, max-image-preview:large, max-video-preview:-1\" \/>\n<link rel=\"canonical\" href=\"https:\/\/studio-kreativ.se\/wordpress\/prislista\/\" \/>\n<meta property=\"og:locale\" content=\"sv_SE\" \/>\n<meta property=\"og:type\" content=\"article\" \/>\n<meta property=\"og:title\" content=\"Prislista - Studio Kreativ\" \/>\n<meta property=\"og:description\" content=\"V\u00e4lkomna att ring oss om ni \u00e4r os\u00e4kra eller beh\u00f6ver r\u00e5dgivning om vilken behandling ni ska v\u00e4lja!\" \/>\n<meta property=\"og:url\" content=\"https:\/\/studio-kreativ.se\/wordpress\/prislista\/\" \/>\n<meta property=\"og:site_name\" content=\"Studio Kreativ\" \/>\n<meta property=\"article:modified_time\" content=\"2026-02-23T21:41:31+00:00\" \/>\n<meta property=\"og:image\" content=\"https:\/\/studio-kreativ.se\/wordpress\/wp-content\/uploads\/2018\/01\/kreativ_2-1.jpg\" \/>\n\t<meta property=\"og:image:width\" content=\"2000\" \/>\n\t<meta property=\"og:image:height\" content=\"224\" \/>\n\t<meta property=\"og:image:type\" content=\"image\/jpeg\" \/>\n<meta name=\"twitter:card\" content=\"summary_large_image\" \/>\n<meta name=\"twitter:label1\" content=\"Ber\u00e4knad l\u00e4stid\" \/>\n\t<meta name=\"twitter:data1\" content=\"1 minut\" \/>\n<script type=\"application\/ld+json\" class=\"yoast-schema-graph\">{\"@context\":\"https:\/\/schema.org\",\"@graph\":[{\"@type\":\"WebPage\",\"@id\":\"https:\/\/studio-kreativ.se\/wordpress\/prislista\/\",\"url\":\"https:\/\/studio-kreativ.se\/wordpress\/prislista\/\",\"name\":\"Prislista - Studio Kreativ\",\"isPartOf\":{\"@id\":\"https:\/\/studio-kreativ.se\/wordpress\/#website\"},\"datePublished\":\"2018-01-03T10:37:38+00:00\",\"dateModified\":\"2026-02-23T21:41:31+00:00\",\"description\":\"V\u00e4lkomna att ring oss om ni \u00e4r os\u00e4kra eller beh\u00f6ver r\u00e5dgivning om vilken behandling ni ska v\u00e4lja!\",\"breadcrumb\":{\"@id\":\"https:\/\/studio-kreativ.se\/wordpress\/prislista\/#breadcrumb\"},\"inLanguage\":\"sv-SE\",\"potentialAction\":[{\"@type\":\"ReadAction\",\"target\":[\"https:\/\/studio-kreativ.se\/wordpress\/prislista\/\"]}]},{\"@type\":\"BreadcrumbList\",\"@id\":\"https:\/\/studio-kreativ.se\/wordpress\/prislista\/#breadcrumb\",\"itemListElement\":[{\"@type\":\"ListItem\",\"position\":1,\"name\":\"Hem\",\"item\":\"https:\/\/studio-kreativ.se\/wordpress\/\"},{\"@type\":\"ListItem\",\"position\":2,\"name\":\"Prislista\"}]},{\"@type\":\"WebSite\",\"@id\":\"https:\/\/studio-kreativ.se\/wordpress\/#website\",\"url\":\"https:\/\/studio-kreativ.se\/wordpress\/\",\"name\":\"Studio Kreativ\",\"description\":\"Fris\u00f6r i J\u00f6nk\u00f6ping\",\"potentialAction\":[{\"@type\":\"SearchAction\",\"target\":{\"@type\":\"EntryPoint\",\"urlTemplate\":\"https:\/\/studio-kreativ.se\/wordpress\/?s={search_term_string}\"},\"query-input\":\"required name=search_term_string\"}],\"inLanguage\":\"sv-SE\"}]}<\/script>\n<!-- \/ Yoast SEO plugin. -->","yoast_head_json":{"title":"Prislista - Studio Kreativ","description":"V\u00e4lkomna att ring oss om ni \u00e4r os\u00e4kra eller beh\u00f6ver r\u00e5dgivning om vilken behandling ni ska v\u00e4lja!","robots":{"index":"index","follow":"follow","max-snippet":"max-snippet:-1","max-image-preview":"max-image-preview:large","max-video-preview":"max-video-preview:-1"},"canonical":"https:\/\/studio-kreativ.se\/wordpress\/prislista\/","og_locale":"sv_SE","og_type":"article","og_title":"Prislista - Studio Kreativ","og_description":"V\u00e4lkomna att ring oss om ni \u00e4r os\u00e4kra eller beh\u00f6ver r\u00e5dgivning om vilken behandling ni ska v\u00e4lja!","og_url":"https:\/\/studio-kreativ.se\/wordpress\/prislista\/","og_site_name":"Studio Kreativ","article_modified_time":"2026-02-23T21:41:31+00:00","og_image":[{"width":2000,"height":224,"url":"https:\/\/studio-kreativ.se\/wordpress\/wp-content\/uploads\/2018\/01\/kreativ_2-1.jpg","type":"image\/jpeg"}],"twitter_card":"summary_large_image","twitter_misc":{"Ber\u00e4knad l\u00e4stid":"1 minut"},"schema":{"@context":"https:\/\/schema.org","@graph":[{"@type":"WebPage","@id":"https:\/\/studio-kreativ.se\/wordpress\/prislista\/","url":"https:\/\/studio-kreativ.se\/wordpress\/prislista\/","name":"Prislista - Studio Kreativ","isPartOf":{"@id":"https:\/\/studio-kreativ.se\/wordpress\/#website"},"datePublished":"2018-01-03T10:37:38+00:00","dateModified":"2026-02-23T21:41:31+00:00","description":"V\u00e4lkomna att ring oss om ni \u00e4r os\u00e4kra eller beh\u00f6ver r\u00e5dgivning om vilken behandling ni ska v\u00e4lja!","breadcrumb":{"@id":"https:\/\/studio-kreativ.se\/wordpress\/prislista\/#breadcrumb"},"inLanguage":"sv-SE","potentialAction":[{"@type":"ReadAction","target":["https:\/\/studio-kreativ.se\/wordpress\/prislista\/"]}]},{"@type":"BreadcrumbList","@id":"https:\/\/studio-kreativ.se\/wordpress\/prislista\/#breadcrumb","itemListElement":[{"@type":"ListItem","position":1,"name":"Hem","item":"https:\/\/studio-kreativ.se\/wordpress\/"},{"@type":"ListItem","position":2,"name":"Prislista"}]},{"@type":"WebSite","@id":"https:\/\/studio-kreativ.se\/wordpress\/#website","url":"https:\/\/studio-kreativ.se\/wordpress\/","name":"Studio Kreativ","description":"Fris\u00f6r i J\u00f6nk\u00f6ping","potentialAction":[{"@type":"SearchAction","target":{"@type":"EntryPoint","urlTemplate":"https:\/\/studio-kreativ.se\/wordpress\/?s={search_term_string}"},"query-input":"required name=search_term_string"}],"inLanguage":"sv-SE"}]}},"_links":{"self":[{"href":"https:\/\/studio-kreativ.se\/wordpress\/wp-json\/wp\/v2\/pages\/12"}],"collection":[{"href":"https:\/\/studio-kreativ.se\/wordpress\/wp-json\/wp\/v2\/pages"}],"about":[{"href":"https:\/\/studio-kreativ.se\/wordpress\/wp-json\/wp\/v2\/types\/page"}],"author":[{"embeddable":true,"href":"https:\/\/studio-kreativ.se\/wordpress\/wp-json\/wp\/v2\/users\/1"}],"replies":[{"embeddable":true,"href":"https:\/\/studio-kreativ.se\/wordpress\/wp-json\/wp\/v2\/comments?post=12"}],"version-history":[{"count":29,"href":"https:\/\/studio-kreativ.se\/wordpress\/wp-json\/wp\/v2\/pages\/12\/revisions"}],"predecessor-version":[{"id":176,"href":"https:\/\/studio-kreativ.se\/wordpress\/wp-json\/wp\/v2\/pages\/12\/revisions\/176"}],"wp:featuredmedia":[{"embeddable":true,"href":"https:\/\/studio-kreativ.se\/wordpress\/wp-json\/wp\/v2\/media\/36"}],"wp:attachment":[{"href":"https:\/\/studio-kreativ.se\/wordpress\/wp-json\/wp\/v2\/media?parent=12"}],"curies":[{"name":"wp","href":"https:\/\/api.w.org\/{rel}","templated":true}]}}