{"id":6,"date":"2018-01-03T11:35:55","date_gmt":"2018-01-03T10:35:55","guid":{"rendered":"http:\/\/dedi20.aname.net\/~studio-k\/wordpress\/?page_id=6"},"modified":"2018-01-10T13:20:44","modified_gmt":"2018-01-10T12:20:44","slug":"start","status":"publish","type":"page","link":"https:\/\/studio-kreativ.se\/wordpress\/","title":{"rendered":"Start"},"content":{"rendered":"","protected":false},"excerpt":{"rendered":"","protected":false},"author":1,"featured_media":0,"parent":0,"menu_order":0,"comment_status":"closed","ping_status":"closed","template":"","meta":[],"yoast_head":"<!-- This site is optimized with the Yoast SEO plugin v19.5.1 - https:\/\/yoast.com\/wordpress\/plugins\/seo\/ -->\n<title>Fris\u00f6r i J\u00f6nk\u00f6ping - Studio Kreativ<\/title>\n<meta name=\"description\" content=\"Fris\u00f6rsalong mitt i centrala J\u00f6nk\u00f6ping. F\u00f6r oss \u00e4r kunden alltid i centrum \u2013 varje klippning, f\u00e4rgning och frisyr \u00e4r unik.\" \/>\n<meta name=\"robots\" content=\"index, follow, max-snippet:-1, max-image-preview:large, max-video-preview:-1\" \/>\n<link rel=\"canonical\" href=\"https:\/\/studio-kreativ.se\/wordpress\/\" \/>\n<meta property=\"og:locale\" content=\"sv_SE\" \/>\n<meta property=\"og:type\" content=\"article\" \/>\n<meta property=\"og:title\" content=\"Fris\u00f6r i J\u00f6nk\u00f6ping - Studio Kreativ\" \/>\n<meta property=\"og:description\" content=\"Fris\u00f6rsalong mitt i centrala J\u00f6nk\u00f6ping. F\u00f6r oss \u00e4r kunden alltid i centrum \u2013 varje klippning, f\u00e4rgning och frisyr \u00e4r unik.\" \/>\n<meta property=\"og:url\" content=\"https:\/\/studio-kreativ.se\/wordpress\/\" \/>\n<meta property=\"og:site_name\" content=\"Studio Kreativ\" \/>\n<meta property=\"article:modified_time\" content=\"2018-01-10T12:20:44+00:00\" \/>\n<meta name=\"twitter:card\" content=\"summary_large_image\" \/>\n<script type=\"application\/ld+json\" class=\"yoast-schema-graph\">{\"@context\":\"https:\/\/schema.org\",\"@graph\":[{\"@type\":\"WebPage\",\"@id\":\"https:\/\/studio-kreativ.se\/wordpress\/\",\"url\":\"https:\/\/studio-kreativ.se\/wordpress\/\",\"name\":\"Fris\u00f6r i J\u00f6nk\u00f6ping - Studio Kreativ\",\"isPartOf\":{\"@id\":\"https:\/\/studio-kreativ.se\/wordpress\/#website\"},\"datePublished\":\"2018-01-03T10:35:55+00:00\",\"dateModified\":\"2018-01-10T12:20:44+00:00\",\"description\":\"Fris\u00f6rsalong mitt i centrala J\u00f6nk\u00f6ping. F\u00f6r oss \u00e4r kunden alltid i centrum \u2013 varje klippning, f\u00e4rgning och frisyr \u00e4r unik.\",\"breadcrumb\":{\"@id\":\"https:\/\/studio-kreativ.se\/wordpress\/#breadcrumb\"},\"inLanguage\":\"sv-SE\",\"potentialAction\":[{\"@type\":\"ReadAction\",\"target\":[\"https:\/\/studio-kreativ.se\/wordpress\/\"]}]},{\"@type\":\"BreadcrumbList\",\"@id\":\"https:\/\/studio-kreativ.se\/wordpress\/#breadcrumb\",\"itemListElement\":[{\"@type\":\"ListItem\",\"position\":1,\"name\":\"Hem\",\"item\":\"https:\/\/studio-kreativ.se\/wordpress\/\"},{\"@type\":\"ListItem\",\"position\":2,\"name\":\"Start\"}]},{\"@type\":\"WebSite\",\"@id\":\"https:\/\/studio-kreativ.se\/wordpress\/#website\",\"url\":\"https:\/\/studio-kreativ.se\/wordpress\/\",\"name\":\"Studio Kreativ\",\"description\":\"Fris\u00f6r i J\u00f6nk\u00f6ping\",\"potentialAction\":[{\"@type\":\"SearchAction\",\"target\":{\"@type\":\"EntryPoint\",\"urlTemplate\":\"https:\/\/studio-kreativ.se\/wordpress\/?s={search_term_string}\"},\"query-input\":\"required name=search_term_string\"}],\"inLanguage\":\"sv-SE\"}]}<\/script>\n<!-- \/ Yoast SEO plugin. -->","yoast_head_json":{"title":"Fris\u00f6r i J\u00f6nk\u00f6ping - Studio Kreativ","description":"Fris\u00f6rsalong mitt i centrala J\u00f6nk\u00f6ping. F\u00f6r oss \u00e4r kunden alltid i centrum \u2013 varje klippning, f\u00e4rgning och frisyr \u00e4r unik.","robots":{"index":"index","follow":"follow","max-snippet":"max-snippet:-1","max-image-preview":"max-image-preview:large","max-video-preview":"max-video-preview:-1"},"canonical":"https:\/\/studio-kreativ.se\/wordpress\/","og_locale":"sv_SE","og_type":"article","og_title":"Fris\u00f6r i J\u00f6nk\u00f6ping - Studio Kreativ","og_description":"Fris\u00f6rsalong mitt i centrala J\u00f6nk\u00f6ping. F\u00f6r oss \u00e4r kunden alltid i centrum \u2013 varje klippning, f\u00e4rgning och frisyr \u00e4r unik.","og_url":"https:\/\/studio-kreativ.se\/wordpress\/","og_site_name":"Studio Kreativ","article_modified_time":"2018-01-10T12:20:44+00:00","twitter_card":"summary_large_image","schema":{"@context":"https:\/\/schema.org","@graph":[{"@type":"WebPage","@id":"https:\/\/studio-kreativ.se\/wordpress\/","url":"https:\/\/studio-kreativ.se\/wordpress\/","name":"Fris\u00f6r i J\u00f6nk\u00f6ping - Studio Kreativ","isPartOf":{"@id":"https:\/\/studio-kreativ.se\/wordpress\/#website"},"datePublished":"2018-01-03T10:35:55+00:00","dateModified":"2018-01-10T12:20:44+00:00","description":"Fris\u00f6rsalong mitt i centrala J\u00f6nk\u00f6ping. F\u00f6r oss \u00e4r kunden alltid i centrum \u2013 varje klippning, f\u00e4rgning och frisyr \u00e4r unik.","breadcrumb":{"@id":"https:\/\/studio-kreativ.se\/wordpress\/#breadcrumb"},"inLanguage":"sv-SE","potentialAction":[{"@type":"ReadAction","target":["https:\/\/studio-kreativ.se\/wordpress\/"]}]},{"@type":"BreadcrumbList","@id":"https:\/\/studio-kreativ.se\/wordpress\/#breadcrumb","itemListElement":[{"@type":"ListItem","position":1,"name":"Hem","item":"https:\/\/studio-kreativ.se\/wordpress\/"},{"@type":"ListItem","position":2,"name":"Start"}]},{"@type":"WebSite","@id":"https:\/\/studio-kreativ.se\/wordpress\/#website","url":"https:\/\/studio-kreativ.se\/wordpress\/","name":"Studio Kreativ","description":"Fris\u00f6r i J\u00f6nk\u00f6ping","potentialAction":[{"@type":"SearchAction","target":{"@type":"EntryPoint","urlTemplate":"https:\/\/studio-kreativ.se\/wordpress\/?s={search_term_string}"},"query-input":"required name=search_term_string"}],"inLanguage":"sv-SE"}]}},"_links":{"self":[{"href":"https:\/\/studio-kreativ.se\/wordpress\/wp-json\/wp\/v2\/pages\/6"}],"collection":[{"href":"https:\/\/studio-kreativ.se\/wordpress\/wp-json\/wp\/v2\/pages"}],"about":[{"href":"https:\/\/studio-kreativ.se\/wordpress\/wp-json\/wp\/v2\/types\/page"}],"author":[{"embeddable":true,"href":"https:\/\/studio-kreativ.se\/wordpress\/wp-json\/wp\/v2\/users\/1"}],"replies":[{"embeddable":true,"href":"https:\/\/studio-kreativ.se\/wordpress\/wp-json\/wp\/v2\/comments?post=6"}],"version-history":[{"count":1,"href":"https:\/\/studio-kreativ.se\/wordpress\/wp-json\/wp\/v2\/pages\/6\/revisions"}],"predecessor-version":[{"id":7,"href":"https:\/\/studio-kreativ.se\/wordpress\/wp-json\/wp\/v2\/pages\/6\/revisions\/7"}],"wp:attachment":[{"href":"https:\/\/studio-kreativ.se\/wordpress\/wp-json\/wp\/v2\/media?parent=6"}],"curies":[{"name":"wp","href":"https:\/\/api.w.org\/{rel}","templated":true}]}}